{"id":19,"date":"2020-08-24T17:54:55","date_gmt":"2020-08-24T17:54:55","guid":{"rendered":"http:\/\/biermann-schornsteintechnik.de\/?page_id=19"},"modified":"2020-09-14T18:45:01","modified_gmt":"2020-09-14T18:45:01","slug":"ueber-uns","status":"publish","type":"page","link":"https:\/\/biermann-schornsteintechnik.de\/?page_id=19","title":{"rendered":"\u00dcber uns"},"content":{"rendered":"\n<p>Im Jahre 2001 ist die Firma auf ihren heutigen Inhaber Marc Biermann \u00fcbertragen worden. Seine F\u00e4higkeiten und Kenntnisse hat er durch den Meisterbrief im Schornsteinfegerhandwerk aber vor allem durch jahrelange, praktische Erfahrung erlangt. Tatkr\u00e4ftig wird Herr Biermann von seinem langj\u00e4hrigen Mitarbeiter unterst\u00fctzt.<\/p>\n","protected":false},"excerpt":{"rendered":"<p>Im Jahre 2001 ist die Firma auf ihren heutigen Inhaber Marc Biermann \u00fcbertragen worden. Seine F\u00e4higkeiten und Kenntnisse hat er durch den Meisterbrief im Schornsteinfegerhandwerk aber vor allem durch jahrelange, praktische Erfahrung erlangt. Tatkr\u00e4ftig wird Herr Biermann von seinem langj\u00e4hrigen Mitarbeiter unterst\u00fctzt.<\/p>\n","protected":false},"author":1,"featured_media":0,"parent":0,"menu_order":0,"comment_status":"closed","ping_status":"closed","template":"","meta":[],"_links":{"self":[{"href":"https:\/\/biermann-schornsteintechnik.de\/index.php?rest_route=\/wp\/v2\/pages\/19"}],"collection":[{"href":"https:\/\/biermann-schornsteintechnik.de\/index.php?rest_route=\/wp\/v2\/pages"}],"about":[{"href":"https:\/\/biermann-schornsteintechnik.de\/index.php?rest_route=\/wp\/v2\/types\/page"}],"author":[{"embeddable":true,"href":"https:\/\/biermann-schornsteintechnik.de\/index.php?rest_route=\/wp\/v2\/users\/1"}],"replies":[{"embeddable":true,"href":"https:\/\/biermann-schornsteintechnik.de\/index.php?rest_route=%2Fwp%2Fv2%2Fcomments&post=19"}],"version-history":[{"count":4,"href":"https:\/\/biermann-schornsteintechnik.de\/index.php?rest_route=\/wp\/v2\/pages\/19\/revisions"}],"predecessor-version":[{"id":136,"href":"https:\/\/biermann-schornsteintechnik.de\/index.php?rest_route=\/wp\/v2\/pages\/19\/revisions\/136"}],"wp:attachment":[{"href":"https:\/\/biermann-schornsteintechnik.de\/index.php?rest_route=%2Fwp%2Fv2%2Fmedia&parent=19"}],"curies":[{"name":"wp","href":"https:\/\/api.w.org\/{rel}","templated":true}]}}